{"id":21,"date":"2019-05-07T13:18:05","date_gmt":"2019-05-07T13:18:05","guid":{"rendered":"http:\/\/kupra.de\/?page_id=21"},"modified":"2019-05-07T13:36:50","modified_gmt":"2019-05-07T13:36:50","slug":"datenschutz","status":"publish","type":"page","link":"https:\/\/kupra.de\/?page_id=21","title":{"rendered":"Datenschutz"},"content":{"rendered":"\n<p><strong>Datenschutz<\/strong><br>\nNachfolgend m\u00f6chten wir Sie \u00fcber unsere Datenschutzerkl\u00e4rung \ninformieren. Sie finden hier Informationen \u00fcber die Erhebung und \nVerwendung pers\u00f6nlicher Daten bei der Nutzung unserer Webseite. Wir \nbeachten dabei das f\u00fcr Deutschland geltende Datenschutzrecht. Sie k\u00f6nnen\n diese Erkl\u00e4rung jederzeit auf unserer Webseite abrufen.<\/p>\n\n\n\n<p>Wir weisen ausdr\u00fccklich darauf hin, dass die Daten\u00fcbertragung im \nInternet (z.B. bei der Kommunikation per E-Mail) Sicherheitsl\u00fccken \naufweisen und nicht l\u00fcckenlos vor dem Zugriff durch Dritte gesch\u00fctzt \nwerden kann.<\/p>\n\n\n\n<p>Die Verwendung der Kontaktdaten unseres Impressums zur gewerblichen \nWerbung ist ausdr\u00fccklich nicht erw\u00fcnscht, es sei denn wir hatten zuvor \nunsere schriftliche Einwilligung erteilt oder es besteht bereits eine \nGesch\u00e4ftsbeziehung. Der Anbieter und alle auf dieser Website genannten \nPersonen widersprechen hiermit jeder kommerziellen Verwendung und \nWeitergabe ihrer Daten.<\/p>\n\n\n\n<p><strong>Personenbezogene Daten<\/strong><br>\nSie k\u00f6nnen unsere Webseite ohne Angabe personenbezogener Daten besuchen.\n Soweit auf unseren Seiten personenbezogene Daten (wie Name, Anschrift \noder E-Mail Adresse) erhoben werden, erfolgt dies, soweit m\u00f6glich, auf \nfreiwilliger Basis. Diese Daten werden ohne Ihre ausdr\u00fcckliche \nZustimmung nicht an Dritte weitergegeben. Sofern zwischen Ihnen und uns \nein Vertragsverh\u00e4ltnis begr\u00fcndet, inhaltlich ausgestaltet oder ge\u00e4ndert \nwerden soll oder Sie an uns eine Anfrage stellen, erheben und verwenden \nwir personenbezogene Daten von Ihnen, soweit dies zu diesen Zwecken \nerforderlich ist (Bestandsdaten). Wir erheben, verarbeiten und nutzen \npersonenbezogene Daten soweit dies erforderlich ist, um Ihnen die \nInanspruchnahme des Webangebots zu erm\u00f6glichen (Nutzungsdaten). \nS\u00e4mtliche personenbezogenen Daten werden nur solange gespeichert wie \ndies f\u00fcr den genannten Zweck (Bearbeitung Ihrer Anfrage oder Abwicklung \neines Vertrags) erforderlich ist. Hierbei werden steuer- und \nhandelsrechtliche Aufbewahrungsfristen ber\u00fccksichtigt. Auf Anordnung der\n zust\u00e4ndigen Stellen d\u00fcrfen wir im Einzelfall Auskunft \u00fcber diese Daten \n(Bestandsdaten) erteilen, soweit dies f\u00fcr Zwecke der Strafverfolgung, \nzur Gefahrenabwehr, zur Erf\u00fcllung der gesetzlichen Aufgaben der \nVerfassungsschutzbeh\u00f6rden oder des Milit\u00e4rischen Abschirmdienstes oder \nzur Durchsetzung der Rechte am geistigen Eigentum erforderlich ist.<\/p>\n\n\n\n<p><strong>Kommentarfunktionen<\/strong><br>\nWir erheben personenbezogene Daten im Rahmen der Ver\u00f6ffentlichung eines \nInhalts oder einer Kommentierung zu einem Artikel oder Beitrag nur in \ndem Umfang, wie sie von Ihnen mitgeteilt werden. Bei der \nVer\u00f6ffentlichung eines Kommentars wird die von Ihnen angegebene \nEmail-Adresse gespeichert, aber nicht ver\u00f6ffentlicht. Ihr Name wird \nver\u00f6ffentlicht, wenn Sie nicht unter Pseudonym geschrieben haben.<\/p>\n\n\n\n<p><strong>Datenschutzerkl\u00e4rung f\u00fcr die Newsletterfunktion<\/strong><\/p>\n\n\n\n<p>Durch die freiwillige Eintragung Ihrer E-Mail-Adresse in unseren \nNewsletter und Best\u00e4tigung dieser per Double-Opt-In-Verfahren erkl\u00e4ren \nSie Ihre Einwilligung, dass Sie unseren E-Mail-Newsletter erhalten \nm\u00f6chten. Sie k\u00f6nnen dieser Verwendung Ihrer E-Mail-Adresse jederzeit \nwidersprechen, ohne dass hierf\u00fcr andere als die \u00dcbermittlungskosten nach\n den Basistarifen entstehen. Sie k\u00f6nnen sich jederzeit aus dem \nNewsletter abmelden. Jede E-Mail enth\u00e4lt einen \u201eAbmelden\u201c-Link. F\u00fcr den \nEmpfang des Newsletters ist die Angabe einer E-Mail-Adresse ausreichend.\n Zus\u00e4tzliche freiwillige Angaben dienen lediglich der Personalisierung \ndes Newsletters.<\/p>\n\n\n\n<p><strong>Datenschutzerkl\u00e4rung f\u00fcr das Facebook-Plugin (\u201eGef\u00e4llt mir\u201c)<\/strong><br>\nDiese Webseite nutzt Plugins des Anbieters Facebook.com, welche durch \ndas Unternehmen Facebook Inc., 1601 S. California Avenue, Palo Alto, CA \n94304 in den USA bereitgestellt werden. Nutzer unserer Webseite, auf der\n das Facebook-Plugin (\u201eGef\u00e4llt mir\u201c-Button) installiert ist, werden \nhiermit darauf hingewiesen, dass durch das Plugin eine Verbindung zu \nFacebook aufgebaut wird, wodurch eine \u00dcbermittlung an Ihren Browser \ndurchgef\u00fchrt wird, damit das Plugin auf der Webseite erscheint.<br>\nDes Weiteren werden durch die Nutzung Daten an die Facebook-Server \nweitergeleitet, welche Informationen \u00fcber Ihre Webseitenbesuche auf \nunserer Homepage enthalten. Dies hat f\u00fcr eingeloggte Facebook-Nutzer zur\n Folge, dass die Nutzungsdaten Ihrem pers\u00f6nlichen Facebook-Account \nzugeordnet werden.<br>\nSobald Sie als eingeloggter Facebook-Nutzer aktiv das Facebook-Plugin \nnutzen (z.B. durch das Klicken auf den \u201eGef\u00e4llt mir\u201c Knopf oder die \nNutzung der Kommentarfunktion), werden diese Daten zu Ihrem \nFacebook-Account \u00fcbertragen und ver\u00f6ffentlicht. Dies k\u00f6nnen Sie nur \ndurch vorheriges Ausloggen aus Ihrem Facebook-Account umgehen.<br>\nWeitere Information bez\u00fcglich der Datennutzung durch Facebook entnehmen \nSie bitte den datenschutzrechtlichen Bestimmungen auf Facebook unter <a href=\"http:\/\/de-de.facebook.com\/policy.php\">http:\/\/de-de.facebook.com\/policy.php<\/a>.<\/p>\n\n\n\n<p><strong>Datenschutzerkl\u00e4rung f\u00fcr den Webanalysedienst Google Analytics<\/strong><br>\nDiese Website benutzt Google Analytics, einen Webanalysedienst der \nGoogle Inc. (\u201eGoogle\u201c). Google Analytics verwendet sog. \u201eCookies\u201c, \nTextdateien, die auf Ihrem Computer gespeichert werden und die eine \nAnalyse der Benutzung der Website durch Sie erm\u00f6glichen. Die durch den \nCookie erzeugten Informationen \u00fcber Ihre Benutzung dieser Website werden\n in der Regel an einen Server von Google in den USA \u00fcbertragen und dort \ngespeichert. Wir haben die IP-Anonymisierung aktiviert. Auf dieser \nWebseite wird Ihre IP-Adresse von Google daher innerhalb von \nMitgliedstaaten der Europ\u00e4ischen Union oder in anderen Vertragsstaaten \ndes Abkommens \u00fcber den Europ\u00e4ischen Wirtschaftsraum zuvor gek\u00fcrzt. Nur \nin Ausnahmef\u00e4llen wird die volle IP-Adresse an einen Server von Google \nin den USA \u00fcbertragen und dort gek\u00fcrzt. Im Auftrag des Betreibers dieser\n Website wird Google diese Informationen benutzen, um Ihre Nutzung der \nWebsite auszuwerten, um Reports \u00fcber die Websiteaktivit\u00e4ten \nzusammenzustellen und um weitere mit der Websitenutzung und der \nInternetnutzung verbundene Dienstleistungen gegen\u00fcber dem \nWebsitebetreiber zu erbringen. Die im Rahmen von Google Analytics von \nIhrem Browser \u00fcbermittelte IP-Adresse wird nicht mit anderen Daten von \nGoogle zusammengef\u00fchrt. Sie k\u00f6nnen die Speicherung der Cookies durch \neine entsprechende Einstellung Ihrer Browser-Software verhindern; wir \nweisen Sie jedoch darauf hin, dass Sie in diesem Fall gegebenenfalls \nnicht s\u00e4mtliche Funktionen dieser Website vollumf\u00e4nglich werden nutzen \nk\u00f6nnen. Sie k\u00f6nnen dar\u00fcber hinaus die Erfassung der durch das Cookie \nerzeugten und auf Ihre Nutzung der Website bezogenen Daten (inkl. Ihrer \nIP-Adresse) an Google sowie die Verarbeitung dieser Daten durch Google \nverhindern, indem sie das unter dem folgenden Link verf\u00fcgbare \nBrowser-Plugin herunterladen und installieren: <a href=\"http:\/\/tools.google.com\/dlpage\/gaoptout?hl=de\">http:\/\/tools.google.com\/dlpage\/gaoptout?hl=de<\/a><\/p>\n\n\n\n<p><strong>Datenschutzerkl\u00e4rung f\u00fcr den Webanzeigendienst Google Adsense<\/strong><br>\nDiese Website benutzt Google Adsense, einen Webanzeigendienst der Google\n Inc., USA (\u201eGoogle\u201c). Google Adsense verwendet sog. \u201eCookies\u201c \n(Textdateien), die auf Ihrem Computer gespeichert werden und die eine \nAnalyse der Benutzung der Website durch Sie erm\u00f6glicht. Google Adsense \nverwendet auch sog. \u201eWeb Beacons\u201c (kleine unsichtbare Grafiken) zur \nSammlung von Informationen. Durch die Verwendung des Web Beacons k\u00f6nnen \neinfache Aktionen wie der Besucherverkehr auf der Webseite aufgezeichnet\n und gesammelt werden. Die durch den Cookie und\/oder Web Beacon \nerzeugten Informationen \u00fcber Ihre Benutzung diese Website \n(einschlie\u00dflich Ihrer IP-Adresse) werden an einen Server von Google in \nden USA \u00fcbertragen und dort gespeichert. Google wird diese Informationen\n benutzen, um Ihre Nutzung der Website im Hinblick auf die Anzeigen \nauszuwerten, um Reports \u00fcber die Websiteaktivit\u00e4ten und Anzeigen f\u00fcr die\n Websitebetreiber zusammenzustellen und um weitere mit der \nWebsitenutzung und der Internetnutzung verbundene Dienstleistungen zu \nerbringen. Auch wird Google diese Informationen gegebenenfalls an Dritte\n \u00fcbertragen, sofern dies gesetzlich vorgeschrieben oder soweit Dritte \ndiese Daten im Auftrag von Google verarbeiten. Google wird in keinem \nFall Ihre IP-Adresse mit anderen Daten der Google in Verbindung bringen.\n Das Speichern von Cookies auf Ihrer Festplatte und die Anzeige von Web \nBeacons k\u00f6nnen Sie verhindern, indem Sie in Ihren Browser-Einstellungen \n\u201ekeine Cookies akzeptieren\u201c w\u00e4hlen (Im MS Internet-Explorer unter \n\u201eExtras &gt; Internetoptionen &gt; Datenschutz &gt; Einstellung\u201c; im \nFirefox unter \u201eExtras &gt; Einstellungen &gt; Datenschutz &gt; \nCookies\u201c); wir weisen Sie jedoch darauf hin, dass Sie in diesem Fall \ngegebenenfalls nicht s\u00e4mtliche Funktionen dieser Website voll umf\u00e4nglich\n nutzen k\u00f6nnen. Durch die Nutzung dieser Website erkl\u00e4ren Sie sich mit \nder Bearbeitung der \u00fcber Sie erhobenen Daten durch Google in der zuvor \nbeschriebenen Art und Weise und zu dem zuvor benannten Zweck \neinverstanden.<\/p>\n\n\n\n<p><strong>Datenschutzerkl\u00e4rung f\u00fcr das soziale Netzwerk Google Plus<\/strong><br>\nDiese Webseite verwendet die sog. \u201eG +1\u201c-Schaltfl\u00e4che des sozialen \nNetzwerkes Google Plus, welches von der Google Inc., 1600 Amphitheatre \nParkway, Mountain View, CA 94043, United States betrieben wird \n(\u201eGoogle\u201c). Die Schaltfl\u00e4che ist an dem Zeichen \u201eG +1\u201c zu erkennen. Wenn\n Sie bei Google Plus registriert sind, k\u00f6nnen Sie mit der \u201eG +1\u201c \nSchaltfl\u00e4che Ihr Interesse an unserer Webseite ausdr\u00fccken und Inhalte \nvon unserer Webseite auf Google Plus teilen. In dem Falle speichert \nGoogle sowohl die Information, dass Sie f\u00fcr einen unserer Inhalte ein \u201eG\n +1\u201c gegeben haben, als auch Informationen \u00fcber die Seite, die Sie dabei\n angesehen haben. Ihre \u201eG +1\u201c k\u00f6nnen m\u00f6glicherweise zusammen mit Ihrem \nNamen (ggf. auch mit Foto \u2013 soweit vorhanden) bei Google Plus in \nweiteren Google-Diensten, wie der Google Suche oder Ihrem Google-Profil,\n eingeblendet werden.<br>\nZweck und Umfang der Datenerhebung und die weitere Verarbeitung und \nNutzung der Daten durch Google sowie Ihre diesbez\u00fcglichen Rechte und \nEinstellungsm\u00f6glichkeiten zum Schutz Ihrer Privatsph\u00e4re entnehmen Sie \nbitte Googles Datenschutzhinweisen:<br>\n<a href=\"https:\/\/www.google.com\/intl\/de\/policies\/privacy\/\">https:\/\/www.google.com\/intl\/de\/policies\/privacy\/<\/a><\/p>\n\n\n\n<p><strong>Datenschutzerkl\u00e4rung f\u00fcr Google Maps von Google Inc.<\/strong><\/p>\n\n\n\n<p>Diese Website verwendet die \u201eGoogle Maps und Routenplaner\u201c- Funktion \nder Google Inc., 1600 Amphitheatre Parkway, Mountain View, CA 94043, \nUnited States (\u201eGoogle\u201c), um geographische Informationen und \nAnfahrtrouten darzustellen bzw. zu berechnen. Durch Google Maps k\u00f6nnen \nDaten \u00fcber Ihre Nutzung dieser Webseite an Google \u00fcbertragen, erhoben \nund von Google genutzt werden. Sie k\u00f6nnen eine solche Daten\u00fcbertragung \nverhindern, wenn Sie in Ihrem Browser \u201eJavascript\u201c deaktivieren. In dem \nFalle k\u00f6nnen aber keine Karten angezeigt werden. Durch die Nutzung \ndieser Webseite und die Nichtdeaktivierung von \u201eJavascript\u201c erkl\u00e4ren Sie\n Ihr Einverst\u00e4ndnis, dass Sie mit der Bearbeitung Ihrer Daten durch \nGoogle zum obigen Zwecke einverstanden sind. Weitere Informationen \ndar\u00fcber wie \u201eGoogle Maps\u201c und der Routenplaner Ihre Daten verwenden \nsowie die Datenschutzerkl\u00e4rung von Google finden Sie unter: <a href=\"https:\/\/www.google.com\/intl\/de_de\/help\/terms_maps.html\">https:\/\/www.google.com\/intl\/de_de\/help\/terms_maps.html<\/a><\/p>\n\n\n\n<p><strong>Datenschutzerkl\u00e4rung f\u00fcr die \u201eGoogle Remarketing\u201c und \u201e\u00c4hnliche Zielgruppen\u201c-Funktion der Google Inc.<\/strong><br>\nDiese Website verwendet die Remarketing- bzw. \u201e\u00c4hnliche \nZielgruppen\u201c-Funktion der Google Inc., 1600 Amphitheatre Parkway, \nMountain View, CA 94043, United States (\u201eGoogle\u201c). Sie k\u00f6nnen so \nzielgerichtet mit Werbung angesprochen werden, indem personalisierte und\n interessenbezogene Anzeigen geschaltet werden, wenn Sie andere \nWebseiten im sog. \u201eGoogle Display-Netzwerk\u201c besuchen. \u201eGoogle \nRemarketing\u201c bzw. die Funktion \u201e\u00c4hnliche Zielgruppen\u201c verwendet daf\u00fcr \nsog. \u201eCookies\u201c, Textdateien, die auf Ihrem Computer gespeichert werden \nund die eine Analyse der Benutzung der Website durch Sie erm\u00f6glichen. \n\u00dcber diese Textdateien werden Ihre Besuche sowie anonymisierte Daten \n\u00fcber die Nutzung der Website erfasst. Personenbezogene Daten werden \ndabei nicht gespeichert. Besuchen Sie eine andere Webseite im sog. \n\u201eGoogle Display-Netzwerk\u201c werden Ihnen ggf. Werbeeinblendungen \nangezeigt, die mit hoher Wahrscheinlichkeit zuvor auf unserer Website \naufgerufene Produkt- und Informationsbereiche ber\u00fccksichtigen.<br>\nSie k\u00f6nnen das \u201eGoogle Remarketing\u201c bzw. die \u201e\u00c4hnliche \nZielgruppen\u201c-Funktion verhindern, indem Sie die Speicherung der Cookies \ndurch eine entsprechende Einstellung Ihrer Browser-Software unterbinden.\n Wir weisen Sie jedoch darauf hin, dass Sie in diesem Fall \ngegebenenfalls nicht s\u00e4mtliche Funktionen dieser Website vollumf\u00e4nglich \nwerden nutzen k\u00f6nnen. Sie k\u00f6nnen dar\u00fcber hinaus die Erfassung der durch \ndas Cookie erzeugten und auf Ihre Nutzung der Website bezogenen Daten an\n Google sowie die Verarbeitung dieser Daten durch Google verhindern, \nindem sie das unter dem folgenden Link verf\u00fcgbare Browser-Plugin \nherunterladen und installieren: <a href=\"https:\/\/www.google.com\/settings\/ads\/plugin?hl=de\" target=\"_blank\" rel=\"noreferrer noopener\">https:\/\/www.google.com\/settings\/ads\/plugin?hl=de<\/a>.\n Sie k\u00f6nnen zudem die Verwendung von Cookies durch Drittanbieter \ndeaktivieren, indem sie die Deaktivierungsseite der \nNetzwerkwerbeinitiative (Network Advertising Initiative) unter <a href=\"http:\/\/www.networkadvertising.org\/choices\/\" target=\"_blank\" rel=\"noreferrer noopener\">http:\/\/www.networkadvertising.org\/choices\/<\/a>\n aufrufen und die dort genannten weiterf\u00fchrenden Information zum Opt-Out\n umsetzen. Die Datenschutzerkl\u00e4rung von Google zum Remarketing mit \nweiteren Informationen finden Sie hier: <a href=\"http:\/\/www.google.com\/privacy\/ads\/\" target=\"_blank\" rel=\"noreferrer noopener\">http:\/\/www.google.com\/privacy\/ads\/<\/a>.<\/p>\n\n\n\n<p><strong>Datenschutzerkl\u00e4rung f\u00fcr das \u201eGoogle AdWords Conversion-Tracking\u201c von Google Inc.<\/strong><br>\nDiese Website verwendet die \u201eGoogle AdWords Conversion-Tracking\u201c- \nFunktion der Google Inc., 1600 Amphitheatre Parkway, Mountain View, CA \n94043, United States (\u201eGoogle\u201c). Google AdWords Conversion-Tracking \nverwendet sog. \u201eCookies\u201c, Textdateien, die auf Ihrem Computer \ngespeichert werden und die eine Analyse der Benutzung der Website durch \nSie erm\u00f6glichen, wenn Sie auf eine Google-Anzeige gekickt haben. Die \nCookies sind maximal 90 Tagen g\u00fcltig. Personenbezogene Daten werden \ndabei nicht gespeichert. Solange das Cookie g\u00fcltig ist, k\u00f6nnen Google \nund wir als Webseitenbetreiber erkennen, dass Sie eine Anzeige geklickt \nhaben und zu einer bestimmten Zielseite (z.B. Bestellbest\u00e4tigungsseite, \nNewsletteranmeldung) gelangt sind. Diese Cookies k\u00f6nnen nicht \u00fcber \nmehrere Websites von verschiedenen AdWords-Teilnehmern nachverfolgt \nwerden k\u00f6nnen. Durch das Cookie werden in \u201eGoogle AdWords\u201c \nConversion-Statistiken erstellt. In diesen Statistiken wird die Anzahl \nder Nutzer, die auf eine unserer Anzeige geklickt haben, erfasst. Zudem \nwird gez\u00e4hlt, wie viele Nutzer zu einer Zielseite, die mit einem \n\u201eConversion-Tag\u201c versehen worden ist, gelangt sind. Die Statistiken \nenthalten jedoch keine Daten, mit denen Sie sich identifizieren lassen.<br>\nDas Speichern von Cookies auf Ihrer Festplatte k\u00f6nnen Sie verhindern, \nindem Sie in Ihren Browser-Einstellungen \u201ekeine Cookies akzeptieren\u201c \nw\u00e4hlen (Im MS Internet-Explorer unter \u201eExtras &gt; Internetoptionen &gt;\n Datenschutz &gt; Einstellung\u201c; im Firefox unter \u201eExtras &gt; \nEinstellungen &gt; Datenschutz &gt; Cookies\u201c); wir weisen Sie jedoch \ndarauf hin, dass Sie in diesem Fall gegebenenfalls nicht s\u00e4mtliche \nFunktionen dieser Website voll umf\u00e4nglich nutzen k\u00f6nnen. Durch die \nNutzung dieser Website erkl\u00e4ren Sie sich mit der Bearbeitung der \u00fcber \nSie erhobenen Daten durch Google in der zuvor beschriebenen Art und \nWeise und zu dem zuvor benannten Zweck einverstanden. Weitere \nInformationen dar\u00fcber wie Google Conversion-Daten verwendet sowie die \nDatenschutzerkl\u00e4rung von Google finden Sie unter: <a href=\"https:\/\/support.google.com\/adwords\/answer\/93148?ctx=tltp\" target=\"_blank\" rel=\"noreferrer noopener\">https:\/\/support.google.com\/adwords\/answer\/93148?ctx=tltp<\/a>, <a href=\"http:\/\/www.google.de\/policies\/privacy\/\" target=\"_blank\" rel=\"noreferrer noopener\">http:\/\/www.google.de\/policies\/privacy\/<\/a><\/p>\n\n\n\n<p><strong>Datenschutzerkl\u00e4rung f\u00fcr die Nutzung von dem Webmessagedienst twitter.com<\/strong><br>\nWir haben auf unserer Webseite auch den Webmessagedienst twitter.com \nintegriert. Dieser wird durch die Twitter Inc., 1355 Market St, Suite \n900, San Francisco, CA 94103, USA bereitgestellt. Twitter bietet die \nsog. \u201eTweet\u201c \u2013 Funktion an. Damit kann man 140 Zeichen lange Nachrichten\n auch mit Webseitenlinks in seinem eigenen Twitteraccount \nver\u00f6ffentlichen. Wenn Sie die \u201eTweet\u201c-Funktion von Twitter auf unseren \nWebseiten nutzen, wird die jeweilige Webseite mit Ihrem Account auf \nTwitter verkn\u00fcpft und dort ggf. \u00f6ffentlich bekannt gegeben. Hierbei \nwerden auch Daten an Twitter \u00fcbertragen.<br>\nVon dem Inhalt der \u00fcbermittelten Daten und deren Nutzung durch Twitter \nerhalten wir keine Kenntnis. Konsultieren Sie daher f\u00fcr weitere \nInformationen die Datenschutzerkl\u00e4rung von Twitter: <a href=\"http:\/\/twitter.com\/privacy\">http:\/\/twitter.com\/privacy<\/a><br>\nTwitter bietet Ihnen unter nachfolgendem Link die M\u00f6glichkeit, Ihre Datenschutzeinstellungen selbst festzulegen: <a href=\"http:\/\/twitter.com\/account\/settings\">http:\/\/twitter.com\/account\/settings<\/a>.<\/p>\n\n\n\n<p><strong>Datenschutzerkl\u00e4rung f\u00fcr die XING-Empfehlungsfunktion<\/strong><\/p>\n\n\n\n<p>Im Rahmen der Kommentarfunktion erDiese Webseite verwendet Funktionen\n der XING AG, Dammtorstra\u00dfe 29-32, 20354 Hamburg, Deutschland. Bei jedem\n Aufruf unserer Webseite, die mit einer solchen Funktion ausgestattet \nist, veranlasst diese, dass der von Ihnen verwendete Browser eine \nVerbindung zu Servern von XING herstellt. Personenbezogene Daten \u00fcber \nden Aufruf unserer Webseite werden nach unserer Kenntnis dabei nicht \ngespeichert. XING speichert auch keine IP-Adressen und eine Auswertung \ndes Nutzungsverhaltens \u00fcber die Verwendung von Cookies im Zusammenhang \nmit dem \u201cXING Share-Button\u201d findet ebenfalls nicht statt. Weitere \nInformationen zum Datenschutz beim \u201eXING Share-Button\u201c finden Sie unter:\n <a href=\"https:\/\/www.xing.com\/app\/share?op=data_protection\" target=\"_blank\" rel=\"noreferrer noopener\">https:\/\/www.xing.com\/app\/share?op=data_protection<\/a><\/p>\n\n\n\n<p><strong>Auskunftsrecht<\/strong><br>\nSie haben das jederzeitige Recht, sich unentgeltlich und unverz\u00fcglich \n\u00fcber die zu Ihrer Person erhobenen Daten zu erkundigen. Sie haben das \njederzeitige Recht, Ihre Zustimmung zur Verwendung Ihrer angegeben \npers\u00f6nlichen Daten mit Wirkung f\u00fcr die Zukunft zu widerrufen. Zur \nAuskunftserteilung wenden Sie sich bitte an den Anbieter unter den \nKontaktdaten im Impressum.<\/p>\n","protected":false},"excerpt":{"rendered":"<p>Datenschutz Nachfolgend m\u00f6chten wir Sie \u00fcber unsere Datenschutzerkl\u00e4rung informieren. Sie finden hier Informationen \u00fcber die Erhebung und Verwendung pers\u00f6nlicher Daten bei der Nutzung unserer Webseite. Wir beachten dabei das f\u00fcr Deutschland geltende Datenschutzrecht. Sie k\u00f6nnen diese Erkl\u00e4rung jederzeit auf unserer Webseite abrufen. Wir weisen ausdr\u00fccklich darauf hin, dass die Daten\u00fcbertragung [&hellip;]<\/p>\n","protected":false},"author":1,"featured_media":0,"parent":0,"menu_order":0,"comment_status":"closed","ping_status":"closed","template":"","meta":{"footnotes":""},"class_list":["post-21","page","type-page","status-publish","hentry"],"_links":{"self":[{"href":"https:\/\/kupra.de\/index.php?rest_route=\/wp\/v2\/pages\/21"}],"collection":[{"href":"https:\/\/kupra.de\/index.php?rest_route=\/wp\/v2\/pages"}],"about":[{"href":"https:\/\/kupra.de\/index.php?rest_route=\/wp\/v2\/types\/page"}],"author":[{"embeddable":true,"href":"https:\/\/kupra.de\/index.php?rest_route=\/wp\/v2\/users\/1"}],"replies":[{"embeddable":true,"href":"https:\/\/kupra.de\/index.php?rest_route=%2Fwp%2Fv2%2Fcomments&post=21"}],"version-history":[{"count":2,"href":"https:\/\/kupra.de\/index.php?rest_route=\/wp\/v2\/pages\/21\/revisions"}],"predecessor-version":[{"id":58,"href":"https:\/\/kupra.de\/index.php?rest_route=\/wp\/v2\/pages\/21\/revisions\/58"}],"wp:attachment":[{"href":"https:\/\/kupra.de\/index.php?rest_route=%2Fwp%2Fv2%2Fmedia&parent=21"}],"curies":[{"name":"wp","href":"https:\/\/api.w.org\/{rel}","templated":true}]}}